{"id":1003,"date":"2024-09-02T15:29:30","date_gmt":"2024-09-02T13:29:30","guid":{"rendered":"https:\/\/ppschiltigheim.net\/?page_id=1003"},"modified":"2026-03-31T06:41:17","modified_gmt":"2026-03-31T04:41:17","slug":"jeunes-adultes","status":"publish","type":"page","link":"https:\/\/ppschiltigheim.net\/index.php\/le-consistoire\/jeunes-adultes\/","title":{"rendered":"JEUNES ADULTES"},"content":{"rendered":"\n<div class=\"wp-block-media-text is-stacked-on-mobile is-vertically-aligned-top\" style=\"grid-template-columns:51% auto\"><figure class=\"wp-block-media-text__media\"><img loading=\"lazy\" decoding=\"async\" width=\"1024\" height=\"768\" src=\"https:\/\/ppschiltigheim.net\/wp-content\/uploads\/2025\/04\/Groupedesjeunes@M.Schmitt-1024x768.jpg\" alt=\"\" class=\"wp-image-1285 size-full\" srcset=\"https:\/\/ppschiltigheim.net\/wp-content\/uploads\/2025\/04\/Groupedesjeunes@M.Schmitt-1024x768.jpg 1024w, https:\/\/ppschiltigheim.net\/wp-content\/uploads\/2025\/04\/Groupedesjeunes@M.Schmitt-300x225.jpg 300w, https:\/\/ppschiltigheim.net\/wp-content\/uploads\/2025\/04\/Groupedesjeunes@M.Schmitt-768x576.jpg 768w, https:\/\/ppschiltigheim.net\/wp-content\/uploads\/2025\/04\/Groupedesjeunes@M.Schmitt-1536x1152.jpg 1536w, https:\/\/ppschiltigheim.net\/wp-content\/uploads\/2025\/04\/Groupedesjeunes@M.Schmitt-2048x1536.jpg 2048w, https:\/\/ppschiltigheim.net\/wp-content\/uploads\/2025\/04\/Groupedesjeunes@M.Schmitt-400x300.jpg 400w\" sizes=\"auto, (max-width: 1024px) 100vw, 1024px\" \/><\/figure><div class=\"wp-block-media-text__content\">\n<p class=\"has-text-align-center\">Se retrouver en \u00c9glise de mani\u00e8re conviviale, \u00e9changer, prier,<br>organiser des activit\u00e9s ensemble\u2026<br>Pour les jeunes adultes<strong> (18-35 ans)<\/strong><br>du consistoire<br>Rendez-vous une fois par mois <br>\u00e0 19h30<br><em>au CEP \u00e0 Schiltigheim<\/em>, <br><em>24 rue Principale<\/em><\/p>\n<\/div><\/div>\n\n\n\n<p><strong>Contacts : schmittmanon67@hotmail.com &#8211; trabandpierre@gmail.com<\/strong><br><strong>Prochaines dates :  le 8 avril et le 6 mai <\/strong><\/p>\n","protected":false},"excerpt":{"rendered":"<p>Se retrouver en \u00c9glise de mani\u00e8re conviviale, \u00e9changer, prier,organiser des activit\u00e9s ensemble\u2026Pour les jeunes adultes (18-35 ans)du consistoireRendez-vous une fois par mois \u00e0 19h30au CEP \u00e0 Schiltigheim, 24 rue Principale Contacts : schmittmanon67@hotmail.com &#8211; trabandpierre@gmail.comProchaines dates : le 8 avril &hellip; <a href=\"https:\/\/ppschiltigheim.net\/index.php\/le-consistoire\/jeunes-adultes\/\">Continuer la lecture <span class=\"meta-nav\">&rarr;<\/span><\/a><\/p>\n","protected":false},"author":3,"featured_media":0,"parent":441,"menu_order":0,"comment_status":"closed","ping_status":"closed","template":"","meta":{"footnotes":""},"class_list":["post-1003","page","type-page","status-publish","hentry"],"_links":{"self":[{"href":"https:\/\/ppschiltigheim.net\/index.php\/wp-json\/wp\/v2\/pages\/1003","targetHints":{"allow":["GET"]}}],"collection":[{"href":"https:\/\/ppschiltigheim.net\/index.php\/wp-json\/wp\/v2\/pages"}],"about":[{"href":"https:\/\/ppschiltigheim.net\/index.php\/wp-json\/wp\/v2\/types\/page"}],"author":[{"embeddable":true,"href":"https:\/\/ppschiltigheim.net\/index.php\/wp-json\/wp\/v2\/users\/3"}],"replies":[{"embeddable":true,"href":"https:\/\/ppschiltigheim.net\/index.php\/wp-json\/wp\/v2\/comments?post=1003"}],"version-history":[{"count":13,"href":"https:\/\/ppschiltigheim.net\/index.php\/wp-json\/wp\/v2\/pages\/1003\/revisions"}],"predecessor-version":[{"id":1504,"href":"https:\/\/ppschiltigheim.net\/index.php\/wp-json\/wp\/v2\/pages\/1003\/revisions\/1504"}],"up":[{"embeddable":true,"href":"https:\/\/ppschiltigheim.net\/index.php\/wp-json\/wp\/v2\/pages\/441"}],"wp:attachment":[{"href":"https:\/\/ppschiltigheim.net\/index.php\/wp-json\/wp\/v2\/media?parent=1003"}],"curies":[{"name":"wp","href":"https:\/\/api.w.org\/{rel}","templated":true}]}}