{"id":1068,"date":"2024-09-07T19:51:52","date_gmt":"2024-09-07T17:51:52","guid":{"rendered":"https:\/\/ppschiltigheim.net\/?page_id=1068"},"modified":"2026-03-31T06:41:47","modified_gmt":"2026-03-31T04:41:47","slug":"catechisme-pour-adultes","status":"publish","type":"page","link":"https:\/\/ppschiltigheim.net\/index.php\/catechisme-pour-adultes\/","title":{"rendered":"CAT\u00c9CHISME ADULTES"},"content":{"rendered":"\n<div class=\"wp-block-media-text is-stacked-on-mobile\" style=\"grid-template-columns:45% auto\"><figure class=\"wp-block-media-text__media\"><img loading=\"lazy\" decoding=\"async\" width=\"640\" height=\"427\" src=\"https:\/\/ppschiltigheim.net\/wp-content\/uploads\/2024\/09\/feedback-3653368_640.jpg\" alt=\"\" class=\"wp-image-1065 size-full\" srcset=\"https:\/\/ppschiltigheim.net\/wp-content\/uploads\/2024\/09\/feedback-3653368_640.jpg 640w, https:\/\/ppschiltigheim.net\/wp-content\/uploads\/2024\/09\/feedback-3653368_640-300x200.jpg 300w, https:\/\/ppschiltigheim.net\/wp-content\/uploads\/2024\/09\/feedback-3653368_640-450x300.jpg 450w\" sizes=\"auto, (max-width: 640px) 100vw, 640px\" \/><\/figure><div class=\"wp-block-media-text__content\">\n<p class=\"has-text-align-center\"><strong>Cat\u00e9chisme destin\u00e9 aux adultes<\/strong><\/p>\n\n\n\n<p class=\"has-text-align-center\">le vendredi de 20h \u00e0 22h<\/p>\n\n\n\n<p class=\"has-text-align-center\"> au CEP 24 rue principale \u00e0 Schiltigheim<\/p>\n<\/div><\/div>\n\n\n\n<p class=\"has-white-color has-blue-background-color has-text-color has-background has-link-color wp-elements-9f1f9a84e045f48bb98929eb8698d43e\"><strong>Dates et programme :<\/strong><br>24 avril : Le discernement dans l&rsquo;Eglise<\/p>\n\n\n\n<p><\/p>\n","protected":false},"excerpt":{"rendered":"<p>Cat\u00e9chisme destin\u00e9 aux adultes le vendredi de 20h \u00e0 22h au CEP 24 rue principale \u00e0 Schiltigheim Dates et programme :24 avril : Le discernement dans l&rsquo;Eglise<\/p>\n","protected":false},"author":3,"featured_media":0,"parent":0,"menu_order":0,"comment_status":"closed","ping_status":"closed","template":"","meta":{"footnotes":""},"class_list":["post-1068","page","type-page","status-publish","hentry"],"_links":{"self":[{"href":"https:\/\/ppschiltigheim.net\/index.php\/wp-json\/wp\/v2\/pages\/1068","targetHints":{"allow":["GET"]}}],"collection":[{"href":"https:\/\/ppschiltigheim.net\/index.php\/wp-json\/wp\/v2\/pages"}],"about":[{"href":"https:\/\/ppschiltigheim.net\/index.php\/wp-json\/wp\/v2\/types\/page"}],"author":[{"embeddable":true,"href":"https:\/\/ppschiltigheim.net\/index.php\/wp-json\/wp\/v2\/users\/3"}],"replies":[{"embeddable":true,"href":"https:\/\/ppschiltigheim.net\/index.php\/wp-json\/wp\/v2\/comments?post=1068"}],"version-history":[{"count":12,"href":"https:\/\/ppschiltigheim.net\/index.php\/wp-json\/wp\/v2\/pages\/1068\/revisions"}],"predecessor-version":[{"id":1505,"href":"https:\/\/ppschiltigheim.net\/index.php\/wp-json\/wp\/v2\/pages\/1068\/revisions\/1505"}],"wp:attachment":[{"href":"https:\/\/ppschiltigheim.net\/index.php\/wp-json\/wp\/v2\/media?parent=1068"}],"curies":[{"name":"wp","href":"https:\/\/api.w.org\/{rel}","templated":true}]}}