{"id":421,"date":"2024-02-02T12:28:28","date_gmt":"2024-02-02T11:28:28","guid":{"rendered":"https:\/\/ppschiltigheim.net\/?page_id=421"},"modified":"2024-05-08T13:24:56","modified_gmt":"2024-05-08T11:24:56","slug":"ressources","status":"publish","type":"page","link":"https:\/\/ppschiltigheim.net\/index.php\/ressources\/","title":{"rendered":"RESSOURCES"},"content":{"rendered":"\n<p class=\"has-medium-font-size\">Propositions d&rsquo;articles<\/p>\n\n\n\n<p><a href=\"https:\/\/ppschiltigheim.net\/wp-content\/uploads\/2024\/05\/entretien-Willaime.pdf\" target=\"_blank\" rel=\"noreferrer noopener\">Foi et Vie 2023\/3 : \u00ab\u00a0Le protestantisme a pr\u00e9caris\u00e9 le christianisme mais il l&rsquo;a aussi rendu apte \u00e0 se r\u00e9former sans cesse\u00a0\u00bb. Entretien avec Jean-Paul Willaime<\/a><\/p>\n\n\n\n<p class=\"has-medium-font-size\">Vous cherchez&#8230;<\/p>\n\n\n\n<ul class=\"wp-block-list\">\n<li>\u00e0 conna\u00eetre l\u2019\u00c9glise luth\u00e9rienne dont fait partie la paroisse de Schiltigheim, <br>\u00c9glise protestante de la confession d&rsquo;Augsbourg d&rsquo;Alsace et de Lorraine (EPCAAL), et l&rsquo;Union \u00e0 laquelle elle appartient : <a href=\"https:\/\/www.uepal.fr\" target=\"_blank\" rel=\"noreferrer noopener\">Uepal <\/a> et <a href=\"https:\/\/acteurs.uepal.fr\/\" target=\"_blank\" rel=\"noreferrer noopener\">Acteurs d\u2019\u00c9glise<\/a><\/li>\n<\/ul>\n\n\n\n<ul class=\"wp-block-list\">\n<li>une animation pour adolescents, un livre sur le point de vue religieux d&rsquo;une question de soci\u00e9t\u00e9, un dvd pour introduire un d\u00e9bat&#8230; : <a href=\"https:\/\/catalogue.mediathequeprotestante.fr\/\">M\u00e9diath\u00e8que protestante<\/a>, 1b quai St-Thomas \u00e0 Strasbourg<\/li>\n<\/ul>\n\n\n\n<ul class=\"wp-block-list\">\n<li>une bible \u00e0 offrir \u00e0 un enfant, un livre de recherche spirituelle&#8230; <a href=\"https:\/\/www.oberlin.fr\" target=\"_blank\" rel=\"noreferrer noopener\">Librairie Oberlin<\/a>, 22 rue de la Division Leclerc \u00e0 Strasbourg<br><\/li>\n\n\n\n<li>une c\u00e9l\u00e9bration, un bricolage, un r\u00e9cit pour les enfants&#8230; : <a href=\"https:\/\/pointkt.org\" target=\"_blank\" rel=\"noreferrer noopener\">Point K<\/a><a href=\"https:\/\/pointkt.org\">T<\/a><br><\/li>\n\n\n\n<li>diff\u00e9rentes traductions de la bible : <a href=\"https:\/\/lire.la-bible.net\/79\/lecture\/chapitres\/traductions\" target=\"_blank\" rel=\"noreferrer noopener\">Alliance biblique fran\u00e7aise<\/a><br><\/li>\n\n\n\n<li>un mus\u00e9e protestant sur la route de vos vacances : <a href=\"https:\/\/museeprotestant.org\/\" target=\"_blank\" rel=\"noreferrer noopener\">Mus\u00e9es protesta<\/a><a href=\"https:\/\/museeprotestant.org\/\">nts<\/a><br><\/li>\n\n\n\n<li>une association pour aider les plus pr\u00e9caires : <a href=\"http:\/\/www.semis.org\/\">S<\/a><a href=\"http:\/\/www.semis.org\/\" target=\"_blank\" rel=\"noreferrer noopener\">emis et CSP<\/a><br><\/li>\n\n\n\n<li>comment apprendre \u00e0 jouer de l&rsquo;orgue : <a href=\"https:\/\/www.aforgep.org\" target=\"_blank\" rel=\"noreferrer noopener\">Aforgep<\/a><\/li>\n<\/ul>\n\n\n\n<ul class=\"wp-block-list\">\n<li>comment vous informer : <a href=\"https:\/\/regardsprotestants.com\/\" target=\"_blank\" rel=\"noreferrer noopener\">Regards protestants<\/a><br><\/li>\n\n\n\n<li>comment faire un peu de th\u00e9ologie \u00e0 mon rythme : <a href=\"https:\/\/www.theovie.org\/\">T<\/a><a href=\"https:\/\/www.theovie.org\/\" target=\"_blank\" rel=\"noreferrer noopener\">h\u00e9ovie<\/a><br><\/li>\n\n\n\n<li>comment passer un dipl\u00f4me universitaire pour devenir pr\u00e9dicateur ou aum\u00f4nier : <a href=\"https:\/\/theopro.unistra.fr\" target=\"_blank\" rel=\"noreferrer noopener\">Fa<\/a><a href=\"https:\/\/theopro.unistra.fr\">cult\u00e9 de th\u00e9ologie protestante<\/a><\/li>\n<\/ul>\n\n\n\n<ul class=\"wp-block-list\">\n<li>comment travailler son \u00e9coute et sa communication  : <a href=\"http:\/\/www.supervision-pastorale-fpec.com\/pages\/presentation.html\" target=\"_blank\" rel=\"noreferrer noopener\">Formation pastorale \u00e0 l&rsquo;\u00e9coute et \u00e0 la communication <\/a><\/li>\n<\/ul>\n\n\n\n<p class=\"has-medium-font-size\">Vous voulez d\u00e9couvrir d&rsquo;autres protestants<\/p>\n\n\n\n<ul class=\"wp-block-list\">\n<li><a href=\"https:\/\/www.protestants.org\/\" target=\"_blank\" rel=\"noreferrer noopener\">F\u00e9d\u00e9ration protestante de France<\/a><\/li>\n<\/ul>\n\n\n\n<ul class=\"wp-block-list\">\n<li><a href=\"https:\/\/epudf.org\/\" target=\"_blank\" rel=\"noreferrer noopener\">\u00c9glise protestante <\/a><a href=\"https:\/\/epudf.org\/\">unie de France<\/a> <\/li>\n<\/ul>\n\n\n\n<ul class=\"wp-block-list\">\n<li>Ailleurs dans le monde : <a href=\"https:\/\/www.defap.fr\" target=\"_blank\" rel=\"noreferrer noopener\">Defap<\/a>, <a href=\"https:\/\/action-chretienne-orient.fr\/\" target=\"_blank\" rel=\"noreferrer noopener\">ACO<\/a><\/li>\n<\/ul>\n\n\n\n<p><\/p>\n\n\n\n<p><\/p>\n\n\n\n<p><\/p>\n","protected":false},"excerpt":{"rendered":"<p>Propositions d&rsquo;articles Foi et Vie 2023\/3 : \u00ab\u00a0Le protestantisme a pr\u00e9caris\u00e9 le christianisme mais il l&rsquo;a aussi rendu apte \u00e0 se r\u00e9former sans cesse\u00a0\u00bb. Entretien avec Jean-Paul Willaime Vous cherchez&#8230; Vous voulez d\u00e9couvrir d&rsquo;autres protestants<\/p>\n","protected":false},"author":3,"featured_media":0,"parent":0,"menu_order":0,"comment_status":"closed","ping_status":"closed","template":"","meta":{"footnotes":""},"class_list":["post-421","page","type-page","status-publish","hentry"],"_links":{"self":[{"href":"https:\/\/ppschiltigheim.net\/index.php\/wp-json\/wp\/v2\/pages\/421","targetHints":{"allow":["GET"]}}],"collection":[{"href":"https:\/\/ppschiltigheim.net\/index.php\/wp-json\/wp\/v2\/pages"}],"about":[{"href":"https:\/\/ppschiltigheim.net\/index.php\/wp-json\/wp\/v2\/types\/page"}],"author":[{"embeddable":true,"href":"https:\/\/ppschiltigheim.net\/index.php\/wp-json\/wp\/v2\/users\/3"}],"replies":[{"embeddable":true,"href":"https:\/\/ppschiltigheim.net\/index.php\/wp-json\/wp\/v2\/comments?post=421"}],"version-history":[{"count":21,"href":"https:\/\/ppschiltigheim.net\/index.php\/wp-json\/wp\/v2\/pages\/421\/revisions"}],"predecessor-version":[{"id":864,"href":"https:\/\/ppschiltigheim.net\/index.php\/wp-json\/wp\/v2\/pages\/421\/revisions\/864"}],"wp:attachment":[{"href":"https:\/\/ppschiltigheim.net\/index.php\/wp-json\/wp\/v2\/media?parent=421"}],"curies":[{"name":"wp","href":"https:\/\/api.w.org\/{rel}","templated":true}]}}