{"id":438,"date":"2024-02-02T20:41:43","date_gmt":"2024-02-02T19:41:43","guid":{"rendered":"https:\/\/ppschiltigheim.net\/?page_id=438"},"modified":"2024-06-10T12:21:25","modified_gmt":"2024-06-10T10:21:25","slug":"la-paroisse","status":"publish","type":"page","link":"https:\/\/ppschiltigheim.net\/index.php\/la-paroisse\/","title":{"rendered":"LA PAROISSE"},"content":{"rendered":"\n<p class=\"has-text-align-center\"><br>Schiltigheim est une paroisse de<br><a href=\"https:\/\/www.uepal.fr\/\" target=\"_blank\" rel=\"noreferrer noopener\">l&rsquo;Union des \u00c9glises protestantes d&rsquo;Alsace et de Moselle<\/a><br>Avec les paroisses de Bischheim, Hoenheim et Souffelweyersheim\/Reichstett,<br> elle forme le <strong>consistoire <\/strong>de Bischheim, lui-m\u00eame inclus avec des consistoires voisins<br>dans l&rsquo;<strong>inspection<\/strong> de Brumath<br><\/p>\n\n\n\n<figure class=\"wp-block-gallery has-nested-images columns-default is-cropped wp-block-gallery-1 is-layout-flex wp-block-gallery-is-layout-flex\">\n<figure class=\"wp-block-image size-large\"><img loading=\"lazy\" decoding=\"async\" width=\"724\" height=\"1024\" data-id=\"968\" src=\"https:\/\/ppschiltigheim.net\/wp-content\/uploads\/2024\/06\/Projet-de-paroisse-affiche-x-3-page-001-724x1024.jpg\" alt=\"\" class=\"wp-image-968\" srcset=\"https:\/\/ppschiltigheim.net\/wp-content\/uploads\/2024\/06\/Projet-de-paroisse-affiche-x-3-page-001-724x1024.jpg 724w, https:\/\/ppschiltigheim.net\/wp-content\/uploads\/2024\/06\/Projet-de-paroisse-affiche-x-3-page-001-212x300.jpg 212w, https:\/\/ppschiltigheim.net\/wp-content\/uploads\/2024\/06\/Projet-de-paroisse-affiche-x-3-page-001-768x1086.jpg 768w, https:\/\/ppschiltigheim.net\/wp-content\/uploads\/2024\/06\/Projet-de-paroisse-affiche-x-3-page-001-1086x1536.jpg 1086w, https:\/\/ppschiltigheim.net\/wp-content\/uploads\/2024\/06\/Projet-de-paroisse-affiche-x-3-page-001.jpg 1241w\" sizes=\"auto, (max-width: 724px) 100vw, 724px\" \/><\/figure>\n\n\n\n<figure class=\"wp-block-image size-large\"><img loading=\"lazy\" decoding=\"async\" width=\"724\" height=\"1024\" data-id=\"969\" src=\"https:\/\/ppschiltigheim.net\/wp-content\/uploads\/2024\/06\/Projet-de-paroisse-affiche-x-3-page-002-724x1024.jpg\" alt=\"\" class=\"wp-image-969\" srcset=\"https:\/\/ppschiltigheim.net\/wp-content\/uploads\/2024\/06\/Projet-de-paroisse-affiche-x-3-page-002-724x1024.jpg 724w, https:\/\/ppschiltigheim.net\/wp-content\/uploads\/2024\/06\/Projet-de-paroisse-affiche-x-3-page-002-212x300.jpg 212w, https:\/\/ppschiltigheim.net\/wp-content\/uploads\/2024\/06\/Projet-de-paroisse-affiche-x-3-page-002-768x1086.jpg 768w, https:\/\/ppschiltigheim.net\/wp-content\/uploads\/2024\/06\/Projet-de-paroisse-affiche-x-3-page-002-1086x1536.jpg 1086w, https:\/\/ppschiltigheim.net\/wp-content\/uploads\/2024\/06\/Projet-de-paroisse-affiche-x-3-page-002.jpg 1241w\" sizes=\"auto, (max-width: 724px) 100vw, 724px\" \/><\/figure>\n<\/figure>\n\n\n\n<p class=\"has-medium-font-size\"><br>Le conseil presbyt\u00e9ral<\/p>\n\n\n\n<div class=\"wp-block-media-text is-stacked-on-mobile\"><figure class=\"wp-block-media-text__media\"><img loading=\"lazy\" decoding=\"async\" width=\"681\" height=\"431\" src=\"https:\/\/ppschiltigheim.net\/wp-content\/uploads\/2024\/03\/CP-2024_.jpg\" alt=\"\" class=\"wp-image-736 size-full\" srcset=\"https:\/\/ppschiltigheim.net\/wp-content\/uploads\/2024\/03\/CP-2024_.jpg 681w, https:\/\/ppschiltigheim.net\/wp-content\/uploads\/2024\/03\/CP-2024_-300x190.jpg 300w, https:\/\/ppschiltigheim.net\/wp-content\/uploads\/2024\/03\/CP-2024_-474x300.jpg 474w\" sizes=\"auto, (max-width: 681px) 100vw, 681px\" \/><\/figure><div class=\"wp-block-media-text__content\">\n<p>Installation du <br><strong>nouveau Conseil presbyt\u00e9ral<\/strong> <br>le 24 mars 2024<\/p>\n\n\n\n<p><\/p>\n<\/div><\/div>\n\n\n\n<p><br><em>De gauche \u00e0 droite :<\/em><br>Juliette M.(vicaire stagiaire), Pascal H.,Patrick R., Mariette G.,<br>Jean-Luc D., Jean-Marc Heintz (pasteur), Val\u00e9rie S., Guy M. et Marl\u00e8ne K.<br><em>Excus\u00e9s :<\/em> Mathias A., Guy M. , Yvette O., Heidi WG.<\/p>\n\n\n\n<p>Le conseil veille \u00e0 la vie spirituelle et mat\u00e9rielle de la paroisse, coordonne les activit\u00e9s, entretient les b\u00e2timents et assure la gestion financi\u00e8re. <br>Ses membres sont \u00e9lus par la communaut\u00e9 pour une dur\u00e9e de 6 ans.<\/p>\n\n\n\n<p class=\"has-medium-font-size\">Les lieux de culte<\/p>\n\n\n\n<p>La paroisse dispose de deux lieux de cultes <\/p>\n\n\n\n<div class=\"wp-block-media-text is-stacked-on-mobile\"><figure class=\"wp-block-media-text__media\"><img loading=\"lazy\" decoding=\"async\" width=\"1024\" height=\"766\" src=\"https:\/\/ppschiltigheim.net\/wp-content\/uploads\/2023\/05\/IMG_20230527_150241-1-1024x766.jpg\" alt=\"\" class=\"wp-image-180 size-full\" srcset=\"https:\/\/ppschiltigheim.net\/wp-content\/uploads\/2023\/05\/IMG_20230527_150241-1-1024x766.jpg 1024w, https:\/\/ppschiltigheim.net\/wp-content\/uploads\/2023\/05\/IMG_20230527_150241-1-300x224.jpg 300w, https:\/\/ppschiltigheim.net\/wp-content\/uploads\/2023\/05\/IMG_20230527_150241-1-768x574.jpg 768w, https:\/\/ppschiltigheim.net\/wp-content\/uploads\/2023\/05\/IMG_20230527_150241-1-1536x1149.jpg 1536w, https:\/\/ppschiltigheim.net\/wp-content\/uploads\/2023\/05\/IMG_20230527_150241-1-2048x1532.jpg 2048w, https:\/\/ppschiltigheim.net\/wp-content\/uploads\/2023\/05\/IMG_20230527_150241-1-401x300.jpg 401w\" sizes=\"auto, (max-width: 1024px) 100vw, 1024px\" \/><\/figure><div class=\"wp-block-media-text__content\">\n<p>\u00e9glise de la rue Principale <br>et salles du Cep <\/p>\n\n\n\n<p class=\"has-small-font-size\"><a href=\"https:\/\/ppschiltigheim.net\/wp-content\/uploads\/2023\/11\/Eglise-rue-Principale.pdf\" target=\"_blank\" rel=\"noreferrer noopener\">pour en savoir plus sur son histoire et son architecture<\/a><br><br><br><em>24 rue Principale, Schiltigheim <\/em>                                                                                         <\/p>\n<\/div><\/div>\n\n\n\n<div class=\"wp-block-media-text is-stacked-on-mobile\"><figure class=\"wp-block-media-text__media\"><img loading=\"lazy\" decoding=\"async\" width=\"1024\" height=\"766\" src=\"https:\/\/ppschiltigheim.net\/wp-content\/uploads\/2023\/05\/IMG_20230527_144534-scaled-e1685205645159-1024x766.jpg\" alt=\"\" class=\"wp-image-127 size-full\" srcset=\"https:\/\/ppschiltigheim.net\/wp-content\/uploads\/2023\/05\/IMG_20230527_144534-scaled-e1685205645159-1024x766.jpg 1024w, https:\/\/ppschiltigheim.net\/wp-content\/uploads\/2023\/05\/IMG_20230527_144534-scaled-e1685205645159-300x224.jpg 300w, https:\/\/ppschiltigheim.net\/wp-content\/uploads\/2023\/05\/IMG_20230527_144534-scaled-e1685205645159-768x575.jpg 768w, https:\/\/ppschiltigheim.net\/wp-content\/uploads\/2023\/05\/IMG_20230527_144534-scaled-e1685205645159-1536x1149.jpg 1536w, https:\/\/ppschiltigheim.net\/wp-content\/uploads\/2023\/05\/IMG_20230527_144534-scaled-e1685205645159-2048x1532.jpg 2048w, https:\/\/ppschiltigheim.net\/wp-content\/uploads\/2023\/05\/IMG_20230527_144534-scaled-e1685205645159-401x300.jpg 401w\" sizes=\"auto, (max-width: 1024px) 100vw, 1024px\" \/><\/figure><div class=\"wp-block-media-text__content\">\n<p class=\"has-small-font-size\">\u00e9glise de la Trinit\u00e9<br>construite dans le nouveau quartier<br><br><a href=\"https:\/\/www.archi-wiki.org\/Adresse:Eglise_Protestante_de_la_Trinit%C3%A9_(Schiltigheim)\" target=\"_blank\" rel=\"noreferrer noopener\">pour en savoir plus sur son histoire et son architecture<\/a><br><br><br><em>68 rue du G\u00e9n\u00e9ral de Gaulle<\/em>, <em>Schiltigheim<\/em><\/p>\n<\/div><\/div>\n","protected":false},"excerpt":{"rendered":"<p>Schiltigheim est une paroisse del&rsquo;Union des \u00c9glises protestantes d&rsquo;Alsace et de MoselleAvec les paroisses de Bischheim, Hoenheim et Souffelweyersheim\/Reichstett, elle forme le consistoire de Bischheim, lui-m\u00eame inclus avec des consistoires voisinsdans l&rsquo;inspection de Brumath Le conseil presbyt\u00e9ral Installation du nouveau &hellip; <a href=\"https:\/\/ppschiltigheim.net\/index.php\/la-paroisse\/\">Continuer la lecture <span class=\"meta-nav\">&rarr;<\/span><\/a><\/p>\n","protected":false},"author":3,"featured_media":0,"parent":0,"menu_order":0,"comment_status":"closed","ping_status":"closed","template":"","meta":{"footnotes":""},"class_list":["post-438","page","type-page","status-publish","hentry"],"_links":{"self":[{"href":"https:\/\/ppschiltigheim.net\/index.php\/wp-json\/wp\/v2\/pages\/438","targetHints":{"allow":["GET"]}}],"collection":[{"href":"https:\/\/ppschiltigheim.net\/index.php\/wp-json\/wp\/v2\/pages"}],"about":[{"href":"https:\/\/ppschiltigheim.net\/index.php\/wp-json\/wp\/v2\/types\/page"}],"author":[{"embeddable":true,"href":"https:\/\/ppschiltigheim.net\/index.php\/wp-json\/wp\/v2\/users\/3"}],"replies":[{"embeddable":true,"href":"https:\/\/ppschiltigheim.net\/index.php\/wp-json\/wp\/v2\/comments?post=438"}],"version-history":[{"count":20,"href":"https:\/\/ppschiltigheim.net\/index.php\/wp-json\/wp\/v2\/pages\/438\/revisions"}],"predecessor-version":[{"id":970,"href":"https:\/\/ppschiltigheim.net\/index.php\/wp-json\/wp\/v2\/pages\/438\/revisions\/970"}],"wp:attachment":[{"href":"https:\/\/ppschiltigheim.net\/index.php\/wp-json\/wp\/v2\/media?parent=438"}],"curies":[{"name":"wp","href":"https:\/\/api.w.org\/{rel}","templated":true}]}}