{"id":463,"date":"2024-02-03T15:30:16","date_gmt":"2024-02-03T14:30:16","guid":{"rendered":"https:\/\/ppschiltigheim.net\/?page_id=463"},"modified":"2024-06-04T10:55:22","modified_gmt":"2024-06-04T08:55:22","slug":"animations-bibliques","status":"publish","type":"page","link":"https:\/\/ppschiltigheim.net\/index.php\/animations-bibliques\/","title":{"rendered":"BIBLE et SPIRITUALIT\u00c9"},"content":{"rendered":"\n<div class=\"wp-block-media-text is-stacked-on-mobile\"><figure class=\"wp-block-media-text__media\"><img loading=\"lazy\" decoding=\"async\" width=\"640\" height=\"427\" src=\"https:\/\/ppschiltigheim.net\/wp-content\/uploads\/2024\/02\/Pixabay_bible-7092020_640.jpg\" alt=\"\" class=\"wp-image-464 size-full\" srcset=\"https:\/\/ppschiltigheim.net\/wp-content\/uploads\/2024\/02\/Pixabay_bible-7092020_640.jpg 640w, https:\/\/ppschiltigheim.net\/wp-content\/uploads\/2024\/02\/Pixabay_bible-7092020_640-300x200.jpg 300w, https:\/\/ppschiltigheim.net\/wp-content\/uploads\/2024\/02\/Pixabay_bible-7092020_640-450x300.jpg 450w\" sizes=\"auto, (max-width: 640px) 100vw, 640px\" \/><\/figure><div class=\"wp-block-media-text__content\">\n<p class=\"has-text-align-center has-small-font-size\">Lecture et commentaires sur les textes du dimanche suivant.<br><strong>Tous les mercredis \u00e0 17h30 <\/strong><br><em>au CEP \u00e0 c\u00f4t\u00e9 de l&rsquo;\u00e9glise rue Principale<\/em><br>Activit\u00e9 propos\u00e9e par Schiltigheim et ouverte \u00e0 l&rsquo;ensemble du consistoire.<br>Pour les autres animations bibliques, rendez-vous \u00e0 la <a href=\"https:\/\/ppschiltigheim.net\/index.php\/animations-bibliques-2\/\" target=\"_blank\" rel=\"noreferrer noopener\">page du consistoir<\/a><a href=\"https:\/\/ppschiltigheim.net\/index.php\/animations-bibliques-2\/\">e<\/a><\/p>\n<\/div><\/div>\n\n\n\n<div class=\"wp-block-media-text is-stacked-on-mobile\"><figure class=\"wp-block-media-text__media\"><img loading=\"lazy\" decoding=\"async\" width=\"720\" height=\"509\" src=\"https:\/\/ppschiltigheim.net\/wp-content\/uploads\/2024\/02\/Cafetheo.jpg\" alt=\"\" class=\"wp-image-580 size-full\" srcset=\"https:\/\/ppschiltigheim.net\/wp-content\/uploads\/2024\/02\/Cafetheo.jpg 720w, https:\/\/ppschiltigheim.net\/wp-content\/uploads\/2024\/02\/Cafetheo-300x212.jpg 300w, https:\/\/ppschiltigheim.net\/wp-content\/uploads\/2024\/02\/Cafetheo-424x300.jpg 424w\" sizes=\"auto, (max-width: 720px) 100vw, 720px\" \/><\/figure><div class=\"wp-block-media-text__content\">\n<p class=\"has-text-align-center has-small-font-size\">Temps de partage autour d&rsquo;un caf\u00e9.<br>Toutes questions et sujets de spiritualit\u00e9<br>bienvenus !<\/p>\n\n\n\n<p class=\"has-text-align-center has-small-font-size\"><strong>Prochaine date : \u00e0 pr\u00e9ciser<\/strong><br><\/p>\n\n\n\n<p class=\"has-text-align-center has-small-font-size\"><em>\u00e0 10h, au CEP rue Principale<\/em><\/p>\n<\/div><\/div>\n","protected":false},"excerpt":{"rendered":"<p>Lecture et commentaires sur les textes du dimanche suivant.Tous les mercredis \u00e0 17h30 au CEP \u00e0 c\u00f4t\u00e9 de l&rsquo;\u00e9glise rue PrincipaleActivit\u00e9 propos\u00e9e par Schiltigheim et ouverte \u00e0 l&rsquo;ensemble du consistoire.Pour les autres animations bibliques, rendez-vous \u00e0 la page du consistoire &hellip; <a href=\"https:\/\/ppschiltigheim.net\/index.php\/animations-bibliques\/\">Continuer la lecture <span class=\"meta-nav\">&rarr;<\/span><\/a><\/p>\n","protected":false},"author":3,"featured_media":0,"parent":0,"menu_order":0,"comment_status":"closed","ping_status":"closed","template":"","meta":{"footnotes":""},"class_list":["post-463","page","type-page","status-publish","hentry"],"_links":{"self":[{"href":"https:\/\/ppschiltigheim.net\/index.php\/wp-json\/wp\/v2\/pages\/463","targetHints":{"allow":["GET"]}}],"collection":[{"href":"https:\/\/ppschiltigheim.net\/index.php\/wp-json\/wp\/v2\/pages"}],"about":[{"href":"https:\/\/ppschiltigheim.net\/index.php\/wp-json\/wp\/v2\/types\/page"}],"author":[{"embeddable":true,"href":"https:\/\/ppschiltigheim.net\/index.php\/wp-json\/wp\/v2\/users\/3"}],"replies":[{"embeddable":true,"href":"https:\/\/ppschiltigheim.net\/index.php\/wp-json\/wp\/v2\/comments?post=463"}],"version-history":[{"count":24,"href":"https:\/\/ppschiltigheim.net\/index.php\/wp-json\/wp\/v2\/pages\/463\/revisions"}],"predecessor-version":[{"id":939,"href":"https:\/\/ppschiltigheim.net\/index.php\/wp-json\/wp\/v2\/pages\/463\/revisions\/939"}],"wp:attachment":[{"href":"https:\/\/ppschiltigheim.net\/index.php\/wp-json\/wp\/v2\/media?parent=463"}],"curies":[{"name":"wp","href":"https:\/\/api.w.org\/{rel}","templated":true}]}}