{"id":496,"date":"2024-02-04T16:18:00","date_gmt":"2024-02-04T15:18:00","guid":{"rendered":"https:\/\/ppschiltigheim.net\/?page_id=496"},"modified":"2024-10-06T20:00:34","modified_gmt":"2024-10-06T18:00:34","slug":"musique","status":"publish","type":"page","link":"https:\/\/ppschiltigheim.net\/index.php\/musique\/","title":{"rendered":"MUSIQUE \u00c0 SCHILICK"},"content":{"rendered":"\n<p class=\"has-small-font-size\">&nbsp;<\/p>\n\n\n\n<div class=\"wp-block-media-text is-stacked-on-mobile\"><figure class=\"wp-block-media-text__media\"><img loading=\"lazy\" decoding=\"async\" width=\"640\" height=\"415\" src=\"https:\/\/ppschiltigheim.net\/wp-content\/uploads\/2024\/02\/Pixabay_teacher-gradebook-7278379_640.jpg\" alt=\"\" class=\"wp-image-497 size-full\" srcset=\"https:\/\/ppschiltigheim.net\/wp-content\/uploads\/2024\/02\/Pixabay_teacher-gradebook-7278379_640.jpg 640w, https:\/\/ppschiltigheim.net\/wp-content\/uploads\/2024\/02\/Pixabay_teacher-gradebook-7278379_640-300x195.jpg 300w, https:\/\/ppschiltigheim.net\/wp-content\/uploads\/2024\/02\/Pixabay_teacher-gradebook-7278379_640-463x300.jpg 463w\" sizes=\"auto, (max-width: 640px) 100vw, 640px\" \/><\/figure><div class=\"wp-block-media-text__content\">\n<p>La paroisse b\u00e9n\u00e9ficie de nombreux concerts, en particulier \u00e0 la Trinit\u00e9 qui accueille les <a href=\"https:\/\/ateliersdesmalteries.fr\" target=\"_blank\" rel=\"noreferrer noopener\">Ateliers des Malteries <\/a><\/p>\n\n\n\n<p>Retrouvez les autres activit\u00e9s musicales sur la<a href=\"https:\/\/ppschiltigheim.net\/index.php\/musique-2\/\" target=\"_blank\" rel=\"noreferrer noopener\"> page du consistoire<\/a><\/p>\n<\/div><\/div>\n","protected":false},"excerpt":{"rendered":"<p>&nbsp; La paroisse b\u00e9n\u00e9ficie de nombreux concerts, en particulier \u00e0 la Trinit\u00e9 qui accueille les Ateliers des Malteries Retrouvez les autres activit\u00e9s musicales sur la page du consistoire<\/p>\n","protected":false},"author":3,"featured_media":0,"parent":0,"menu_order":0,"comment_status":"closed","ping_status":"closed","template":"","meta":{"footnotes":""},"class_list":["post-496","page","type-page","status-publish","hentry"],"_links":{"self":[{"href":"https:\/\/ppschiltigheim.net\/index.php\/wp-json\/wp\/v2\/pages\/496","targetHints":{"allow":["GET"]}}],"collection":[{"href":"https:\/\/ppschiltigheim.net\/index.php\/wp-json\/wp\/v2\/pages"}],"about":[{"href":"https:\/\/ppschiltigheim.net\/index.php\/wp-json\/wp\/v2\/types\/page"}],"author":[{"embeddable":true,"href":"https:\/\/ppschiltigheim.net\/index.php\/wp-json\/wp\/v2\/users\/3"}],"replies":[{"embeddable":true,"href":"https:\/\/ppschiltigheim.net\/index.php\/wp-json\/wp\/v2\/comments?post=496"}],"version-history":[{"count":18,"href":"https:\/\/ppschiltigheim.net\/index.php\/wp-json\/wp\/v2\/pages\/496\/revisions"}],"predecessor-version":[{"id":1117,"href":"https:\/\/ppschiltigheim.net\/index.php\/wp-json\/wp\/v2\/pages\/496\/revisions\/1117"}],"wp:attachment":[{"href":"https:\/\/ppschiltigheim.net\/index.php\/wp-json\/wp\/v2\/media?parent=496"}],"curies":[{"name":"wp","href":"https:\/\/api.w.org\/{rel}","templated":true}]}}