{"id":502,"date":"2024-02-04T17:03:37","date_gmt":"2024-02-04T16:03:37","guid":{"rendered":"https:\/\/ppschiltigheim.net\/?page_id=502"},"modified":"2024-09-16T17:23:20","modified_gmt":"2024-09-16T15:23:20","slug":"musique-2","status":"publish","type":"page","link":"https:\/\/ppschiltigheim.net\/index.php\/musique-2\/","title":{"rendered":"MUSIQUE"},"content":{"rendered":"\n<p>R\u00e9p\u00e9titions \u00e0 l&rsquo;\u00e9glise St-Luc, 5 rue des 7 Arpents \u00e0 Souffelweyerseim<br>Contact : Pascal Provot, <a href=\"mailto:pascal_provot@yahoo.fr\" target=\"_blank\" rel=\"noreferrer noopener\">pascal_provot@yahoo.fr<\/a><\/p>\n\n\n\n<div class=\"wp-block-media-text is-stacked-on-mobile\"><figure class=\"wp-block-media-text__media\"><img loading=\"lazy\" decoding=\"async\" width=\"640\" height=\"427\" src=\"https:\/\/ppschiltigheim.net\/wp-content\/uploads\/2024\/02\/Pixabay_wren-4118509_640.jpg\" alt=\"\" class=\"wp-image-503 size-full\" srcset=\"https:\/\/ppschiltigheim.net\/wp-content\/uploads\/2024\/02\/Pixabay_wren-4118509_640.jpg 640w, https:\/\/ppschiltigheim.net\/wp-content\/uploads\/2024\/02\/Pixabay_wren-4118509_640-300x200.jpg 300w, https:\/\/ppschiltigheim.net\/wp-content\/uploads\/2024\/02\/Pixabay_wren-4118509_640-450x300.jpg 450w\" sizes=\"auto, (max-width: 640px) 100vw, 640px\" \/><\/figure><div class=\"wp-block-media-text__content\">\n<p>La chorale ouverte \u00e0 tous se r\u00e9unit les lundis soir de 20h \u00e0 22h sous la direction de Flore Kovac, organiste \u00e0 Souffelweyersheim. Des airs liturgiques au gospel le plus entra\u00eenant&#8230;<\/p>\n<\/div><\/div>\n\n\n\n<div class=\"wp-block-media-text is-stacked-on-mobile\"><figure class=\"wp-block-media-text__media\"><img loading=\"lazy\" decoding=\"async\" width=\"640\" height=\"406\" src=\"https:\/\/ppschiltigheim.net\/wp-content\/uploads\/2024\/02\/Pixabay_guitar-7300723_640.jpg\" alt=\"\" class=\"wp-image-504 size-full\" srcset=\"https:\/\/ppschiltigheim.net\/wp-content\/uploads\/2024\/02\/Pixabay_guitar-7300723_640.jpg 640w, https:\/\/ppschiltigheim.net\/wp-content\/uploads\/2024\/02\/Pixabay_guitar-7300723_640-300x190.jpg 300w, https:\/\/ppschiltigheim.net\/wp-content\/uploads\/2024\/02\/Pixabay_guitar-7300723_640-473x300.jpg 473w\" sizes=\"auto, (max-width: 640px) 100vw, 640px\" \/><\/figure><div class=\"wp-block-media-text__content\">\n<p>Le Groupe d&rsquo;animation Musicale (GAM) est compos\u00e9 de membres de toutes les paroisses du consistoire et intervient dans chacune de celles-ci pour animer des cultes festifs.<br>Il se retrouve \u00e0 Souffelweyersheim et accueille tous ceux qui ont envie d&rsquo;essayer !<\/p>\n<\/div><\/div>\n","protected":false},"excerpt":{"rendered":"<p>R\u00e9p\u00e9titions \u00e0 l&rsquo;\u00e9glise St-Luc, 5 rue des 7 Arpents \u00e0 SouffelweyerseimContact : Pascal Provot, pascal_provot@yahoo.fr La chorale ouverte \u00e0 tous se r\u00e9unit les lundis soir de 20h \u00e0 22h sous la direction de Flore Kovac, organiste \u00e0 Souffelweyersheim. Des airs &hellip; <a href=\"https:\/\/ppschiltigheim.net\/index.php\/musique-2\/\">Continuer la lecture <span class=\"meta-nav\">&rarr;<\/span><\/a><\/p>\n","protected":false},"author":3,"featured_media":0,"parent":0,"menu_order":0,"comment_status":"closed","ping_status":"closed","template":"","meta":{"footnotes":""},"class_list":["post-502","page","type-page","status-publish","hentry"],"_links":{"self":[{"href":"https:\/\/ppschiltigheim.net\/index.php\/wp-json\/wp\/v2\/pages\/502","targetHints":{"allow":["GET"]}}],"collection":[{"href":"https:\/\/ppschiltigheim.net\/index.php\/wp-json\/wp\/v2\/pages"}],"about":[{"href":"https:\/\/ppschiltigheim.net\/index.php\/wp-json\/wp\/v2\/types\/page"}],"author":[{"embeddable":true,"href":"https:\/\/ppschiltigheim.net\/index.php\/wp-json\/wp\/v2\/users\/3"}],"replies":[{"embeddable":true,"href":"https:\/\/ppschiltigheim.net\/index.php\/wp-json\/wp\/v2\/comments?post=502"}],"version-history":[{"count":10,"href":"https:\/\/ppschiltigheim.net\/index.php\/wp-json\/wp\/v2\/pages\/502\/revisions"}],"predecessor-version":[{"id":1082,"href":"https:\/\/ppschiltigheim.net\/index.php\/wp-json\/wp\/v2\/pages\/502\/revisions\/1082"}],"wp:attachment":[{"href":"https:\/\/ppschiltigheim.net\/index.php\/wp-json\/wp\/v2\/media?parent=502"}],"curies":[{"name":"wp","href":"https:\/\/api.w.org\/{rel}","templated":true}]}}