{"id":640,"date":"2024-02-19T19:36:36","date_gmt":"2024-02-19T18:36:36","guid":{"rendered":"https:\/\/ppschiltigheim.net\/?page_id=640"},"modified":"2026-04-27T10:58:19","modified_gmt":"2026-04-27T08:58:19","slug":"celebrations","status":"publish","type":"page","link":"https:\/\/ppschiltigheim.net\/index.php\/celebrations\/","title":{"rendered":"C\u00c9L\u00c9BRATIONS"},"content":{"rendered":"\n<div class=\"wp-block-media-text is-stacked-on-mobile\" style=\"grid-template-columns:37% auto\"><figure class=\"wp-block-media-text__media\"><img loading=\"lazy\" decoding=\"async\" width=\"819\" height=\"1024\" src=\"https:\/\/ppschiltigheim.net\/wp-content\/uploads\/2026\/04\/ConsistoireVeillesLumiere@AnneMarieHeitzMuller-819x1024.jpg\" alt=\"\" class=\"wp-image-1550 size-full\" srcset=\"https:\/\/ppschiltigheim.net\/wp-content\/uploads\/2026\/04\/ConsistoireVeillesLumiere@AnneMarieHeitzMuller-819x1024.jpg 819w, https:\/\/ppschiltigheim.net\/wp-content\/uploads\/2026\/04\/ConsistoireVeillesLumiere@AnneMarieHeitzMuller-240x300.jpg 240w, https:\/\/ppschiltigheim.net\/wp-content\/uploads\/2026\/04\/ConsistoireVeillesLumiere@AnneMarieHeitzMuller-768x960.jpg 768w, https:\/\/ppschiltigheim.net\/wp-content\/uploads\/2026\/04\/ConsistoireVeillesLumiere@AnneMarieHeitzMuller.jpg 1080w\" sizes=\"auto, (max-width: 819px) 100vw, 819px\" \/><\/figure><div class=\"wp-block-media-text__content\">\n<p><\/p>\n\n\n\n<p class=\"has-text-align-center\"><strong>Veill\u00e9es<\/strong> <strong>lumi\u00e8res<\/strong><br><em>Ouvertes \u00e0 tous<\/em><br><strong>th\u00e8me 2nd semestre 2026<br>Le Souffle<\/strong><\/p>\n\n\n\n<p class=\"has-text-align-center\">Les vendredis 22 mai et 12 juin<br><strong>de 18h30 \u00e0 19h30<br><\/strong><em>\u00e0 Bischheim, \u00e9glise St-Michel<br>10 rue de<\/em> <em>Vendenheim<\/em><\/p>\n<\/div><\/div>\n\n\n\n<div class=\"wp-block-media-text is-stacked-on-mobile\" style=\"grid-template-columns:38% auto\"><figure class=\"wp-block-media-text__media\"><img loading=\"lazy\" decoding=\"async\" width=\"1024\" height=\"1024\" src=\"https:\/\/ppschiltigheim.net\/wp-content\/uploads\/2025\/10\/Soiree-Louange-1024x1024.png\" alt=\"\" class=\"wp-image-1411 size-full\" srcset=\"https:\/\/ppschiltigheim.net\/wp-content\/uploads\/2025\/10\/Soiree-Louange-1024x1024.png 1024w, https:\/\/ppschiltigheim.net\/wp-content\/uploads\/2025\/10\/Soiree-Louange-300x300.png 300w, https:\/\/ppschiltigheim.net\/wp-content\/uploads\/2025\/10\/Soiree-Louange-150x150.png 150w, https:\/\/ppschiltigheim.net\/wp-content\/uploads\/2025\/10\/Soiree-Louange-768x768.png 768w, https:\/\/ppschiltigheim.net\/wp-content\/uploads\/2025\/10\/Soiree-Louange-650x650.png 650w, https:\/\/ppschiltigheim.net\/wp-content\/uploads\/2025\/10\/Soiree-Louange-1300x1300.png 1300w, https:\/\/ppschiltigheim.net\/wp-content\/uploads\/2025\/10\/Soiree-Louange.png 1433w\" sizes=\"auto, (max-width: 1024px) 100vw, 1024px\" \/><\/figure><div class=\"wp-block-media-text__content\">\n<p class=\"has-text-align-center has-small-font-size\"><strong>Soir\u00e9e Louange consistoriale<\/strong><\/p>\n\n\n\n<p class=\"has-text-align-center\"><strong>Vendredi 10 octobre \u00e0 18h30<\/strong><\/p>\n\n\n\n<p class=\"has-text-align-center\">Eglise St Michel \u00e0 Bischheim, ouvert \u00e0 tous !<br>C\u00e9l\u00e9bration suivie d&rsquo;une collation<\/p>\n\n\n\n<p class=\"has-text-align-center\"><a href=\"https:\/\/ppschiltigheim.net\/wp-content\/uploads\/2025\/02\/Veillee-louange-Hoenheim.m4a\" data-type=\"link\" data-id=\"https:\/\/ppschiltigheim.net\/wp-content\/uploads\/2025\/02\/Veillee-louange-Hoenheim.m4a\" target=\"_blank\" rel=\"noreferrer noopener\"><em>T\u00e9l\u00e9chargez ici le mp4 de la Soir\u00e9e Louange consistoriale du 26 <\/em>nov. 2024<\/a><\/p>\n\n\n\n<p><\/p>\n<\/div><\/div>\n\n\n\n<p><\/p>\n","protected":false},"excerpt":{"rendered":"<p>Veill\u00e9es lumi\u00e8resOuvertes \u00e0 tousth\u00e8me 2nd semestre 2026Le Souffle Les vendredis 22 mai et 12 juinde 18h30 \u00e0 19h30\u00e0 Bischheim, \u00e9glise St-Michel10 rue de Vendenheim Soir\u00e9e Louange consistoriale Vendredi 10 octobre \u00e0 18h30 Eglise St Michel \u00e0 Bischheim, ouvert \u00e0 tous &hellip; <a href=\"https:\/\/ppschiltigheim.net\/index.php\/celebrations\/\">Continuer la lecture <span class=\"meta-nav\">&rarr;<\/span><\/a><\/p>\n","protected":false},"author":3,"featured_media":0,"parent":0,"menu_order":0,"comment_status":"closed","ping_status":"closed","template":"","meta":{"footnotes":""},"class_list":["post-640","page","type-page","status-publish","hentry"],"_links":{"self":[{"href":"https:\/\/ppschiltigheim.net\/index.php\/wp-json\/wp\/v2\/pages\/640","targetHints":{"allow":["GET"]}}],"collection":[{"href":"https:\/\/ppschiltigheim.net\/index.php\/wp-json\/wp\/v2\/pages"}],"about":[{"href":"https:\/\/ppschiltigheim.net\/index.php\/wp-json\/wp\/v2\/types\/page"}],"author":[{"embeddable":true,"href":"https:\/\/ppschiltigheim.net\/index.php\/wp-json\/wp\/v2\/users\/3"}],"replies":[{"embeddable":true,"href":"https:\/\/ppschiltigheim.net\/index.php\/wp-json\/wp\/v2\/comments?post=640"}],"version-history":[{"count":29,"href":"https:\/\/ppschiltigheim.net\/index.php\/wp-json\/wp\/v2\/pages\/640\/revisions"}],"predecessor-version":[{"id":1551,"href":"https:\/\/ppschiltigheim.net\/index.php\/wp-json\/wp\/v2\/pages\/640\/revisions\/1551"}],"wp:attachment":[{"href":"https:\/\/ppschiltigheim.net\/index.php\/wp-json\/wp\/v2\/media?parent=640"}],"curies":[{"name":"wp","href":"https:\/\/api.w.org\/{rel}","templated":true}]}}