{"id":71,"date":"2023-05-27T09:47:02","date_gmt":"2023-05-27T07:47:02","guid":{"rendered":"https:\/\/ppschiltigheim.net\/?page_id=71"},"modified":"2023-12-17T08:58:02","modified_gmt":"2023-12-17T07:58:02","slug":"menu","status":"publish","type":"page","link":"https:\/\/ppschiltigheim.net\/index.php\/menu\/","title":{"rendered":"ACCUEIL"},"content":{"rendered":"\n<p class=\"has-blue-color has-text-color has-small-font-size\"><em>Bienvenue \u00e0 tous et toutes, quelle que soit votre histoire, votre parcours ou votre qu\u00eate spirituelle<\/em><br><\/p>\n\n\n\n<div class=\"wp-block-media-text has-media-on-the-right is-stacked-on-mobile\" style=\"grid-template-columns:auto 38%\"><div class=\"wp-block-media-text__content\">\n<p style=\"font-size:14px\"><em>Que ce site soit un lieu o\u00f9 vous puissiez trouver inspiration, ressources spirituelles et informations sur nos \u00e9v\u00e8nements et activit\u00e9s.<\/em><\/p>\n\n\n\n<p style=\"font-size:14px\"><em>Espace de partage, de r\u00e9flexion et de croissance spirituelle, puisse cette cette plateforme virtuelle contribuer \u00e0 renforcer notre lien en tant que paroissiens ou simples croyants et nous rapprocher tous davantage du Christ.<\/em><\/p>\n\n\n\n<p style=\"font-size:14px\"><em>N&rsquo;h\u00e9sitez pas \u00e0 explorer nos ressources et \u00e0 nous rejoindre dans notre cheminement de foi.<\/em><br><br><strong>Jean-Marc Heintz<\/strong><\/p>\n<\/div><figure class=\"wp-block-media-text__media\"><img loading=\"lazy\" decoding=\"async\" width=\"766\" height=\"1024\" src=\"https:\/\/ppschiltigheim.net\/wp-content\/uploads\/2023\/11\/ESSAI-766x1024.jpg\" alt=\"\" class=\"wp-image-251 size-full\" srcset=\"https:\/\/ppschiltigheim.net\/wp-content\/uploads\/2023\/11\/ESSAI-766x1024.jpg 766w, https:\/\/ppschiltigheim.net\/wp-content\/uploads\/2023\/11\/ESSAI-224x300.jpg 224w, https:\/\/ppschiltigheim.net\/wp-content\/uploads\/2023\/11\/ESSAI-768x1027.jpg 768w, https:\/\/ppschiltigheim.net\/wp-content\/uploads\/2023\/11\/ESSAI-1149x1536.jpg 1149w, https:\/\/ppschiltigheim.net\/wp-content\/uploads\/2023\/11\/ESSAI-1532x2048.jpg 1532w, https:\/\/ppschiltigheim.net\/wp-content\/uploads\/2023\/11\/ESSAI-scaled.jpg 1915w\" sizes=\"auto, (max-width: 766px) 100vw, 766px\" \/><\/figure><\/div>\n\n\n\n<div class=\"wp-block-media-text is-stacked-on-mobile\" style=\"grid-template-columns:15% auto\"><figure class=\"wp-block-media-text__media\"><img loading=\"lazy\" decoding=\"async\" width=\"502\" height=\"688\" src=\"https:\/\/ppschiltigheim.net\/wp-content\/uploads\/2023\/11\/Livret-Principale.png\" alt=\"\" class=\"wp-image-274 size-full\" srcset=\"https:\/\/ppschiltigheim.net\/wp-content\/uploads\/2023\/11\/Livret-Principale.png 502w, https:\/\/ppschiltigheim.net\/wp-content\/uploads\/2023\/11\/Livret-Principale-219x300.png 219w\" sizes=\"auto, (max-width: 502px) 100vw, 502px\" \/><\/figure><div class=\"wp-block-media-text__content\">\n<p style=\"font-size:11px\"><a href=\"https:\/\/ppschiltigheim.net\/wp-content\/uploads\/2023\/11\/Eglise-rue-Principale.pdf\" data-type=\"link\" data-id=\"https:\/\/ppschiltigheim.net\/wp-content\/uploads\/2023\/11\/Eglise-rue-Principale.pdf\"><em style=\"font-weight: bold;\">Pour en savoir plus sur l&rsquo;histoire et l&rsquo;architecture de notre \u00e9glise rue principale, t\u00e9l\u00e9chargez la version num\u00e9ris\u00e9e du livret \u00e9dit\u00e9 en 2015<\/em><\/a><\/p>\n\n\n\n<p class=\"has-text-color has-link-color wp-elements-8336e090fcc4c685f6c191e9de52f910\" style=\"color:#0e87e4;font-size:11px\"><a href=\"https:\/\/ppschiltigheim.net\/wp-content\/uploads\/2023\/11\/Enveloppe-offrande-2023.pdf\"><em><strong>Pour nous soutenir et b\u00e9n\u00e9ficier d&rsquo;une attestation fiscale t\u00e9l\u00e9chargez ici le formulaire \u00e0 joindre \u00e0 votre don<\/strong><\/em><\/a><br><br><em><a href=\"https:\/\/www.facebook.com\/paroisse.protestantedeschiltigheim\"><strong>Facebook<\/strong><\/a><\/em><\/p>\n<\/div><\/div>\n","protected":false},"excerpt":{"rendered":"<p>Bienvenue \u00e0 tous et toutes, quelle que soit votre histoire, votre parcours ou votre qu\u00eate spirituelle Que ce site soit un lieu o\u00f9 vous puissiez trouver inspiration, ressources spirituelles et informations sur nos \u00e9v\u00e8nements et activit\u00e9s. Espace de partage, de &hellip; <a href=\"https:\/\/ppschiltigheim.net\/index.php\/menu\/\">Continuer la lecture <span class=\"meta-nav\">&rarr;<\/span><\/a><\/p>\n","protected":false},"author":1,"featured_media":0,"parent":0,"menu_order":0,"comment_status":"closed","ping_status":"closed","template":"","meta":{"footnotes":""},"class_list":["post-71","page","type-page","status-publish","hentry"],"_links":{"self":[{"href":"https:\/\/ppschiltigheim.net\/index.php\/wp-json\/wp\/v2\/pages\/71","targetHints":{"allow":["GET"]}}],"collection":[{"href":"https:\/\/ppschiltigheim.net\/index.php\/wp-json\/wp\/v2\/pages"}],"about":[{"href":"https:\/\/ppschiltigheim.net\/index.php\/wp-json\/wp\/v2\/types\/page"}],"author":[{"embeddable":true,"href":"https:\/\/ppschiltigheim.net\/index.php\/wp-json\/wp\/v2\/users\/1"}],"replies":[{"embeddable":true,"href":"https:\/\/ppschiltigheim.net\/index.php\/wp-json\/wp\/v2\/comments?post=71"}],"version-history":[{"count":20,"href":"https:\/\/ppschiltigheim.net\/index.php\/wp-json\/wp\/v2\/pages\/71\/revisions"}],"predecessor-version":[{"id":346,"href":"https:\/\/ppschiltigheim.net\/index.php\/wp-json\/wp\/v2\/pages\/71\/revisions\/346"}],"wp:attachment":[{"href":"https:\/\/ppschiltigheim.net\/index.php\/wp-json\/wp\/v2\/media?parent=71"}],"curies":[{"name":"wp","href":"https:\/\/api.w.org\/{rel}","templated":true}]}}